{"id":5366,"date":"2021-06-30T13:14:28","date_gmt":"2021-06-30T12:14:28","guid":{"rendered":"https:\/\/leii.ddns.net\/renewal\/"},"modified":"2025-11-27T11:49:13","modified_gmt":"2025-11-27T06:19:13","slug":"yenileme","status":"publish","type":"page","link":"https:\/\/leii.ddns.net\/tr\/yenileme\/","title":{"rendered":"Yenileme"},"content":{"rendered":"\n<select-plan-component default-subscription-type=\"renewal\" :switcher=\"false\" :reasons=\"[{&quot;_type&quot;:&quot;_&quot;,&quot;reason_code&quot;:&quot;NATURAL_PERSON&quot;,&quot;reason&quot;:&quot;Ger\\u00e7ek ki\\u015filer: Tan\\u0131m gere\\u011fi ana \\u015firket yoktur, \\u00e7\\u00fcnk\\u00fc kurulu\\u015f ger\\u00e7ek bir ki\\u015fi veya ana ortakl\\u0131\\u011f\\u0131n konsolidasyon kapsam\\u0131 tan\\u0131m\\u0131n\\u0131 kar\\u015f\\u0131layan ara ana ortakl\\u0131\\u011f\\u0131 olmayan ki\\u015filer taraf\\u0131ndan kontrol edilmektedir.&quot;,&quot;information_points&quot;:[]},{&quot;_type&quot;:&quot;_&quot;,&quot;reason_code&quot;:&quot;NON_CONSOLIDATING&quot;,&quot;reason&quot;:&quot;KONSOL\\u0130DE OLMAYAN: Tan\\u0131ma g\\u00f6re, i\\u015fletmenin konsolide mali tablolar\\u0131n haz\\u0131rlanmas\\u0131na tabi olmayan t\\u00fczel ki\\u015filer taraf\\u0131ndan kontrol edilmesi nedeniyle ana \\u015firket bulunmamaktad\\u0131r.&quot;,&quot;information_points&quot;:[]},{&quot;_type&quot;:&quot;_&quot;,&quot;reason_code&quot;:&quot;NO_KNOWN_PERSON&quot;,&quot;reason&quot;:&quot;Bilinen ki\\u015fi yok: Tan\\u0131ma g\\u00f6re, T\\u00fczel Ki\\u015fi Kimlik Belirleyici Vakf\\u0131&#039;nda ana \\u015firket bulunmamaktad\\u0131r \\u00e7\\u00fcnk\\u00fc varl\\u0131\\u011f\\u0131 kontrol eden bilinen bir ki\\u015fi yoktur (\\u00f6rne\\u011fin da\\u011f\\u0131n\\u0131k hissedarlar).&quot;,&quot;information_points&quot;:[]},{&quot;_type&quot;:&quot;_&quot;,&quot;reason_code&quot;:&quot;NON_PUBLIC&quot;,&quot;reason&quot;:&quot;NON_PUBLIC: A\\u015fa\\u011f\\u0131daki uygulamalar i\\u00e7in:&quot;,&quot;information_points&quot;:[{&quot;_type&quot;:&quot;_&quot;,&quot;information_point&quot;:&quot;Yasal Engeller: Bir yarg\\u0131 b\\u00f6lgesinin yasa veya d\\u00fczenlemelerindeki engeller, bilginin sa\\u011flanmas\\u0131n\\u0131 veya yay\\u0131nlanmas\\u0131n\\u0131 engeller. Kurulu\\u015f, ana \\u015firketi global LEI numaras\\u0131 veritaban\\u0131nda yay\\u0131nlayamaz.&quot;},{&quot;_type&quot;:&quot;_&quot;,&quot;information_point&quot;:&quot;R\\u0131za Al\\u0131nmad\\u0131: Y\\u00fcr\\u00fcrl\\u00fckteki yasal \\u00e7er\\u00e7eveye g\\u00f6re ana \\u015firketin izni gerekiyordu ve ana \\u015firket izin vermemi\\u015fti veya ileti\\u015fime ge\\u00e7ilemedi.&quot;},{&quot;_type&quot;:&quot;_&quot;,&quot;information_point&quot;:&quot;Ba\\u011flay\\u0131c\\u0131 yasal taahh\\u00fctler: T\\u00fczel ki\\u015fili\\u011fi d\\u00fczenleyen yasalar veya bir s\\u00f6zle\\u015fme gibi ba\\u011flay\\u0131c\\u0131 yasal taahh\\u00fctler (bir yarg\\u0131 b\\u00f6lgesinin kanunlar\\u0131 veya d\\u00fczenlemeleri d\\u0131\\u015f\\u0131nda), bu bilgilerin sa\\u011flanmas\\u0131n\\u0131 veya yay\\u0131nlanmas\\u0131n\\u0131 engeller.&quot;},{&quot;_type&quot;:&quot;_&quot;,&quot;information_point&quot;:&quot;De\\u011fer d\\u00fc\\u015f\\u00fckl\\u00fc\\u011f\\u00fc muaf tutulmad\\u0131: Ba\\u011fl\\u0131 ortakl\\u0131k, ana \\u015firketin raporlamas\\u0131yla ilgili olarak ana \\u015firketi ziyaret etmeyi talep etti, ancak ba\\u011fl\\u0131 ortakl\\u0131k i\\u00e7in makul sorumluluk risklerini \\u00f6nleyecek bir \\u015fekilde de\\u011fer d\\u00fc\\u015f\\u00fckl\\u00fc\\u011f\\u00fc olmamas\\u0131 nedeniyle bunu teyit edemedi.&quot;},{&quot;_type&quot;:&quot;_&quot;,&quot;information_point&quot;:&quot;A\\u00e7\\u0131klaman\\u0131n olumsuz etkisi: Bu bilginin a\\u00e7\\u0131klanmas\\u0131 ilgili t\\u00fczel ki\\u015fi veya ana kurulu\\u015f a\\u00e7\\u0131s\\u0131ndan zararl\\u0131 olabilir. Buna, kurulu\\u015fun beyan\\u0131na dayal\\u0131 olarak benzer durumlarda kamu yetkilileri taraf\\u0131ndan genel olarak kabul edilen nedenler de dahildir.&quot;}]},{&quot;_type&quot;:&quot;_&quot;,&quot;reason_code&quot;:&quot;NO_LEI&quot;,&quot;reason&quot;:&quot;LEI yok: Alt T\\u00fczel Ki\\u015fi, kullan\\u0131lan tan\\u0131ma g\\u00f6re bir ana \\u015firkete sahip oldu\\u011funu ancak bu ana \\u015firketin hen\\u00fcz bir LEI&#039;ye sahip olmad\\u0131\\u011f\\u0131n\\u0131 bildirmektedir.&quot;,&quot;information_points&quot;:[]}]\" :countries=\"{&quot;AF&quot;:&quot;Afghanistan&quot;,&quot;AL&quot;:&quot;Albania&quot;,&quot;DZ&quot;:&quot;Algeria&quot;,&quot;AS&quot;:&quot;American Samoa&quot;,&quot;AD&quot;:&quot;Andorra&quot;,&quot;AO&quot;:&quot;Angola&quot;,&quot;AI&quot;:&quot;Anguilla&quot;,&quot;AG&quot;:&quot;Antigua and Barbuda&quot;,&quot;AR&quot;:&quot;Argentina&quot;,&quot;AM&quot;:&quot;Armenia&quot;,&quot;AW&quot;:&quot;Aruba&quot;,&quot;AU&quot;:&quot;Australia&quot;,&quot;AT&quot;:&quot;Austria&quot;,&quot;AZ&quot;:&quot;Azerbaijan&quot;,&quot;BS&quot;:&quot;Bahamas&quot;,&quot;BD&quot;:&quot;Bangladesh&quot;,&quot;BB&quot;:&quot;Barbados&quot;,&quot;BY&quot;:&quot;Belarus&quot;,&quot;BE&quot;:&quot;Belgium&quot;,&quot;BZ&quot;:&quot;Belize&quot;,&quot;BJ&quot;:&quot;Benin&quot;,&quot;BM&quot;:&quot;Bermuda&quot;,&quot;BT&quot;:&quot;Bhutan&quot;,&quot;BO&quot;:&quot;Bolivia&quot;,&quot;BA&quot;:&quot;Bosnia and Herzegovina&quot;,&quot;BW&quot;:&quot;Botswana&quot;,&quot;BV&quot;:&quot;Bouvet Island&quot;,&quot;BR&quot;:&quot;Brazil&quot;,&quot;IO&quot;:&quot;British Indian Ocean Territory&quot;,&quot;BN&quot;:&quot;Brunei Darussalam&quot;,&quot;BG&quot;:&quot;Bulgaria&quot;,&quot;BF&quot;:&quot;Burkina Faso&quot;,&quot;BI&quot;:&quot;Burundi&quot;,&quot;KH&quot;:&quot;Cambodia&quot;,&quot;CM&quot;:&quot;Cameroon&quot;,&quot;CA&quot;:&quot;Canada&quot;,&quot;KY&quot;:&quot;Cayman Islands&quot;,&quot;CF&quot;:&quot;Central African Republic&quot;,&quot;TD&quot;:&quot;Chad&quot;,&quot;CL&quot;:&quot;Chile&quot;,&quot;CN&quot;:&quot;China&quot;,&quot;CX&quot;:&quot;Christmas Island&quot;,&quot;CC&quot;:&quot;Cocos (Keeling) Islands&quot;,&quot;CO&quot;:&quot;Colombia&quot;,&quot;KM&quot;:&quot;Comoros&quot;,&quot;CG&quot;:&quot;Congo&quot;,&quot;CK&quot;:&quot;Cook Islands&quot;,&quot;CR&quot;:&quot;Costa Rica&quot;,&quot;CI&quot;:&quot;C\\u00f4te d&#039;Ivoire&quot;,&quot;HR&quot;:&quot;Croatia&quot;,&quot;CY&quot;:&quot;Cyprus&quot;,&quot;CZ&quot;:&quot;Czech Republic&quot;,&quot;DK&quot;:&quot;Denmark&quot;,&quot;DJ&quot;:&quot;Djibouti&quot;,&quot;DM&quot;:&quot;Dominica&quot;,&quot;DO&quot;:&quot;Dominican Republic&quot;,&quot;EC&quot;:&quot;Ecuador&quot;,&quot;EG&quot;:&quot;Egypt&quot;,&quot;SV&quot;:&quot;El Salvador&quot;,&quot;GQ&quot;:&quot;Equatorial Guinea&quot;,&quot;EE&quot;:&quot;Estonia&quot;,&quot;ET&quot;:&quot;Ethiopia&quot;,&quot;FK&quot;:&quot;Falkland Islands (Malvinas)&quot;,&quot;FO&quot;:&quot;Faroe Islands&quot;,&quot;FJ&quot;:&quot;Fiji&quot;,&quot;FI&quot;:&quot;Finland&quot;,&quot;FR&quot;:&quot;France&quot;,&quot;GF&quot;:&quot;French Guiana&quot;,&quot;PF&quot;:&quot;French Polynesia&quot;,&quot;TF&quot;:&quot;French Southern Territories&quot;,&quot;GA&quot;:&quot;Gabon&quot;,&quot;GM&quot;:&quot;Gambia&quot;,&quot;GE&quot;:&quot;Georgia&quot;,&quot;DE&quot;:&quot;Germany&quot;,&quot;GH&quot;:&quot;Ghana&quot;,&quot;GI&quot;:&quot;Gibraltar&quot;,&quot;GR&quot;:&quot;Greece&quot;,&quot;GL&quot;:&quot;Greenland&quot;,&quot;GD&quot;:&quot;Grenada&quot;,&quot;GP&quot;:&quot;Guadeloupe&quot;,&quot;GU&quot;:&quot;Guam&quot;,&quot;GT&quot;:&quot;Guatemala&quot;,&quot;GN&quot;:&quot;Guinea&quot;,&quot;GW&quot;:&quot;Guinea-Bissau&quot;,&quot;GY&quot;:&quot;Guyana&quot;,&quot;HT&quot;:&quot;Haiti&quot;,&quot;HM&quot;:&quot;Heard Island and McDonald Islands&quot;,&quot;VA&quot;:&quot;Holy See (Vatican City State)&quot;,&quot;HN&quot;:&quot;Honduras&quot;,&quot;HK&quot;:&quot;Hong Kong&quot;,&quot;HU&quot;:&quot;Hungary&quot;,&quot;IS&quot;:&quot;Iceland&quot;,&quot;IN&quot;:&quot;India&quot;,&quot;ID&quot;:&quot;Indonesia&quot;,&quot;IR&quot;:&quot;Iran&quot;,&quot;IQ&quot;:&quot;Iraq&quot;,&quot;IE&quot;:&quot;Ireland&quot;,&quot;IL&quot;:&quot;Israel&quot;,&quot;IT&quot;:&quot;Italy&quot;,&quot;JM&quot;:&quot;Jamaica&quot;,&quot;JP&quot;:&quot;Japan&quot;,&quot;JO&quot;:&quot;Jordan&quot;,&quot;KZ&quot;:&quot;Kazakhstan&quot;,&quot;KE&quot;:&quot;Kenya&quot;,&quot;KI&quot;:&quot;Kiribati&quot;,&quot;KP&quot;:&quot;North Korea&quot;,&quot;KR&quot;:&quot;South Korea&quot;,&quot;KW&quot;:&quot;Kuwait&quot;,&quot;KG&quot;:&quot;Kyrgyzstan&quot;,&quot;LA&quot;:&quot;Lao People&#039;s Democratic Republic&quot;,&quot;LV&quot;:&quot;Latvia&quot;,&quot;LB&quot;:&quot;Lebanon&quot;,&quot;LS&quot;:&quot;Lesotho&quot;,&quot;LR&quot;:&quot;Liberia&quot;,&quot;LY&quot;:&quot;Libyan Arab Jamahiriya&quot;,&quot;LI&quot;:&quot;Liechtenstein&quot;,&quot;LT&quot;:&quot;Lithuania&quot;,&quot;LU&quot;:&quot;Luxembourg&quot;,&quot;MO&quot;:&quot;Macao&quot;,&quot;MK&quot;:&quot;Macedonia&quot;,&quot;MG&quot;:&quot;Madagascar&quot;,&quot;MW&quot;:&quot;Malawi&quot;,&quot;MY&quot;:&quot;Malaysia&quot;,&quot;MV&quot;:&quot;Maldives&quot;,&quot;ML&quot;:&quot;Mali&quot;,&quot;MT&quot;:&quot;Malta&quot;,&quot;MH&quot;:&quot;Marshall Islands&quot;,&quot;MQ&quot;:&quot;Martinique&quot;,&quot;MR&quot;:&quot;Mauritania&quot;,&quot;MU&quot;:&quot;Mauritius&quot;,&quot;YT&quot;:&quot;Mayotte&quot;,&quot;MX&quot;:&quot;Mexico&quot;,&quot;FM&quot;:&quot;Micronesia&quot;,&quot;MD&quot;:&quot;Moldova&quot;,&quot;MC&quot;:&quot;Monaco&quot;,&quot;MN&quot;:&quot;Mongolia&quot;,&quot;ME&quot;:&quot;Montenegro&quot;,&quot;MS&quot;:&quot;Montserrat&quot;,&quot;MA&quot;:&quot;Morocco&quot;,&quot;MZ&quot;:&quot;Mozambique&quot;,&quot;MM&quot;:&quot;Myanmar&quot;,&quot;NA&quot;:&quot;Namibia&quot;,&quot;NR&quot;:&quot;Nauru&quot;,&quot;NP&quot;:&quot;Nepal&quot;,&quot;NL&quot;:&quot;Netherlands&quot;,&quot;AN&quot;:&quot;Netherlands Antilles&quot;,&quot;NC&quot;:&quot;New Caledonia&quot;,&quot;NZ&quot;:&quot;New Zealand&quot;,&quot;NI&quot;:&quot;Nicaragua&quot;,&quot;NE&quot;:&quot;Niger&quot;,&quot;NG&quot;:&quot;Nigeria&quot;,&quot;NU&quot;:&quot;Niue&quot;,&quot;NF&quot;:&quot;Norfolk Island&quot;,&quot;MP&quot;:&quot;Northern Mariana Islands&quot;,&quot;NO&quot;:&quot;Norway&quot;,&quot;OM&quot;:&quot;Oman&quot;,&quot;PK&quot;:&quot;Pakistan&quot;,&quot;PW&quot;:&quot;Palau&quot;,&quot;PS&quot;:&quot;Palestinian Territory&quot;,&quot;PA&quot;:&quot;Panama&quot;,&quot;PG&quot;:&quot;Papua New Guinea&quot;,&quot;PY&quot;:&quot;Paraguay&quot;,&quot;PE&quot;:&quot;Peru&quot;,&quot;PH&quot;:&quot;Philippines&quot;,&quot;PN&quot;:&quot;Pitcairn&quot;,&quot;PL&quot;:&quot;Poland&quot;,&quot;PT&quot;:&quot;Portugal&quot;,&quot;PR&quot;:&quot;Puerto Rico&quot;,&quot;QA&quot;:&quot;Qatar&quot;,&quot;RE&quot;:&quot;R\\u00e9union&quot;,&quot;RO&quot;:&quot;Romania&quot;,&quot;RU&quot;:&quot;Russian Federation&quot;,&quot;RW&quot;:&quot;Rwanda&quot;,&quot;WS&quot;:&quot;Samoa&quot;,&quot;SM&quot;:&quot;San Marino&quot;,&quot;ST&quot;:&quot;Sao Tome and Principe&quot;,&quot;SA&quot;:&quot;Saudi Arabia&quot;,&quot;SN&quot;:&quot;Senegal&quot;,&quot;RS&quot;:&quot;Serbia&quot;,&quot;SC&quot;:&quot;Seychelles&quot;,&quot;SL&quot;:&quot;Sierra Leone&quot;,&quot;SG&quot;:&quot;Singapore&quot;,&quot;SK&quot;:&quot;Slovakia&quot;,&quot;SI&quot;:&quot;Slovenia&quot;,&quot;SB&quot;:&quot;Solomon Islands&quot;,&quot;SO&quot;:&quot;Somalia&quot;,&quot;ZA&quot;:&quot;South Africa&quot;,&quot;GS&quot;:&quot;South Georgia and the South Sandwich Islands&quot;,&quot;ES&quot;:&quot;Spain&quot;,&quot;LK&quot;:&quot;Sri Lanka&quot;,&quot;SD&quot;:&quot;Sudan&quot;,&quot;SR&quot;:&quot;Suriname&quot;,&quot;SJ&quot;:&quot;Svalbard and Jan Mayen&quot;,&quot;SZ&quot;:&quot;Swaziland&quot;,&quot;SE&quot;:&quot;Sweden&quot;,&quot;CH&quot;:&quot;Switzerland&quot;,&quot;SY&quot;:&quot;Syrian Arab Republic&quot;,&quot;TW&quot;:&quot;Taiwan&quot;,&quot;TJ&quot;:&quot;Tajikistan&quot;,&quot;TZ&quot;:&quot;Tanzania&quot;,&quot;TH&quot;:&quot;Thailand&quot;,&quot;TL&quot;:&quot;Timor-Leste&quot;,&quot;TG&quot;:&quot;Togo&quot;,&quot;TK&quot;:&quot;Tokelau&quot;,&quot;TO&quot;:&quot;Tonga&quot;,&quot;TT&quot;:&quot;Trinidad and Tobago&quot;,&quot;TN&quot;:&quot;Tunisia&quot;,&quot;TR&quot;:&quot;Turkey&quot;,&quot;TM&quot;:&quot;Turkmenistan&quot;,&quot;TC&quot;:&quot;Turks and Caicos Islands&quot;,&quot;TV&quot;:&quot;Tuvalu&quot;,&quot;UG&quot;:&quot;Uganda&quot;,&quot;UA&quot;:&quot;Ukraine&quot;,&quot;AE&quot;:&quot;United Arab Emirates&quot;,&quot;GB&quot;:&quot;United Kingdom&quot;,&quot;US&quot;:&quot;United States&quot;,&quot;UM&quot;:&quot;United States Minor Outlying Islands&quot;,&quot;UY&quot;:&quot;Uruguay&quot;,&quot;UZ&quot;:&quot;Uzbekistan&quot;,&quot;VU&quot;:&quot;Vanuatu&quot;,&quot;VE&quot;:&quot;Venezuela&quot;,&quot;VN&quot;:&quot;Viet Nam&quot;,&quot;VG&quot;:&quot;Virgin Islands, British&quot;,&quot;VI&quot;:&quot;Virgin Islands, U.S.&quot;,&quot;WF&quot;:&quot;Wallis and Futuna&quot;,&quot;EH&quot;:&quot;Western Sahara&quot;,&quot;YE&quot;:&quot;Yemen&quot;,&quot;ZM&quot;:&quot;Zambia&quot;,&quot;ZW&quot;:&quot;Zimbabwe&quot;}\" :plans=\"{&quot;registration&quot;:[{&quot;pricePerYear&quot;:&quot;75$ \\\/ 1 y\\u0131l&quot;,&quot;price&quot;:&quot;75$&quot;,&quot;priceText&quot;:&quot; \\\/ 1 y\\u0131l&quot;,&quot;duration&quot;:&quot;1 y\\u0131l&quot;,&quot;name&quot;:&quot;Official LEI Registration&quot;,&quot;isPopular&quot;:false,&quot;benefits&quot;:[]}],&quot;renewal&quot;:[{&quot;pricePerYear&quot;:&quot;75$ \\\/ 1 y\\u0131l&quot;,&quot;price&quot;:&quot;75$&quot;,&quot;priceText&quot;:&quot; \\\/ 1 y\\u0131l&quot;,&quot;duration&quot;:&quot;1 y\\u0131l&quot;,&quot;name&quot;:&quot;LEI transferi\\\/yenileme&quot;,&quot;isPopular&quot;:&quot;&quot;,&quot;benefits&quot;:&quot;&quot;}],&quot;transfer&quot;:[{&quot;pricePerYear&quot;:&quot;75$ \\\/ 1 y\\u0131l&quot;,&quot;price&quot;:&quot;75$&quot;,&quot;priceText&quot;:&quot; \\\/ 1 y\\u0131l&quot;,&quot;duration&quot;:&quot;1 y\\u0131l&quot;,&quot;name&quot;:&quot;LEI transferi\\\/yenileme&quot;,&quot;isPopular&quot;:&quot;&quot;,&quot;benefits&quot;:&quot;&quot;}]}\" lang=\"tr\" plan-bg=\"https:\/\/leii.ddns.net\/wp-content\/themes\/leinumber\/assets\/images\/plan-bg_tr.webp\" confirm-bg=\"https:\/\/leii.ddns.net\/wp-content\/themes\/leinumber\/assets\/images\/confirm-bg_tr.webp\"><\/select-plan-component>\n\r\n\r\n\r\n<div class=\"wp-block-spacer\" style=\"height: 50px;\" aria-hidden=\"true\">\u00a0<\/div>\r\n\r\n\r\n\r\n<h2 class=\"wp-block-heading has-text-align-center font-axiforma\" style=\"font-size: 45px; font-style: normal; font-weight: 600;\">SSS<\/h2>\r\n\r\n\r\n\r\n<p class=\"has-text-align-center\">M\u00fc\u015fterilerimiz genellikle bize a\u015fa\u011f\u0131daki sorular\u0131 sorarlar<\/p>\r\n\r\n\r\n\r\n<div class=\"wp-block-spacer\" style=\"height: 50px;\" aria-hidden=\"true\">\u00a0<\/div>\r\n\r\n\r\n<faq-component data='[{&quot;_id&quot;:&quot;cf-7xXS7pMhCFdLOXeAkaKC2&quot;,&quot;_type&quot;:&quot;_&quot;,&quot;question&quot;:&quot;LEI yenileme ne anlama gelir?&quot;,&quot;answer&quot;:&quot;Verilen LEI numaras\\u0131 tam olarak bir y\\u0131l ge\\u00e7erlidir. Bu, ge\\u00e7erlili\\u011fini yitirdi\\u011fi g\\u00fcn yenilenmesi gerekti\\u011fi anlam\\u0131na gelir. Bu s\\u00fcre i\\u00e7inde yenilenmezse, LEI numaran\\u0131z yenilenene kadar devre d\\u0131\\u015f\\u0131 b\\u0131rak\\u0131l\\u0131r. Uluslararas\\u0131 LEI veritaban\\u0131ndaki verilerin g\\u00fcncel kalmas\\u0131n\\u0131 ve global finans piyasas\\u0131nda i\\u015flemlerin olabildi\\u011fince \\u015feffaf ve g\\u00fcvenli olmas\\u0131n\\u0131 sa\\u011flamak i\\u00e7in bu yenileme s\\u00fcreci gereklidir.&quot;},{&quot;_id&quot;:&quot;cf-mAF6NF1o2yxnqnW45Ekn3&quot;,&quot;_type&quot;:&quot;_&quot;,&quot;question&quot;:&quot;LEI nas\\u0131l yenilenir?&quot;,&quot;answer&quot;:&quot;LEI numaran\\u0131z\\u0131 yenilemek i\\u00e7in sa\\u011flanan formu doldurman\\u0131z yeterlidir. Mevcut LEI numaras\\u0131 veya \\u015firket ad\\u0131 bunun i\\u00e7in gereklidir. De\\u011fi\\u015fen \\u015firket bilgileri burada yeniden girilmelidir. Bu s\\u00fcreci otomatikle\\u015ftirmek isterseniz, 3 veya 5 y\\u0131ll\\u0131k abonelik teklifimize g\\u00f6z atabilirsiniz.nnLEI numaran\\u0131z\\u0131 sadece bizim taraf\\u0131m\\u0131zdan y\\u00f6netiliyorsa yenileyebiliriz. \\u015eu anda ba\\u015fka bir hizmet sa\\u011flay\\u0131c\\u0131 ile \\u00e7al\\u0131\\u015f\\u0131yorsan\\u0131z, l\\u00fctfen transfer formunu kullan\\u0131n.&quot;},{&quot;_id&quot;:&quot;cf-OJe3ST2nRkT3aztB_bzga&quot;,&quot;_type&quot;:&quot;_&quot;,&quot;question&quot;:&quot;LEI numaras\\u0131 ne anlama gelir?&quot;,&quot;answer&quot;:&quot;Giri\\u015fimciler, finansal i\\u015flemlerini ger\\u00e7ekle\\u015ftirmek i\\u00e7in bir LEI numaras\\u0131 kullanabilirler. LEI numaras\\u0131na dayanarak, \\u00f6rne\\u011fin bir i\\u015f orta\\u011f\\u0131 taraf\\u0131ndan gerekli t\\u00fcm veriler g\\u00f6r\\u00fcnt\\u00fclenebilir. T\\u00fcm LEI numaras\\u0131 sahiplerinin verileri, global bir veritaban\\u0131nda (GLEIS) kaydedilir. Bu, halka a\\u00e7\\u0131k ve birka\\u00e7 dakika i\\u00e7inde somut bir sorgulama sa\\u011flar.nnLEI numaras\\u0131, GLEIF (Global Entity Identifier Foundation) ad\\u0131nda bir uluslararas\\u0131 kurum taraf\\u0131ndan verilir. Bu kurum, 2014 y\\u0131l\\u0131ndan beri var olup Basel&#039;de bulunmaktad\\u0131r. LOUS (Yerel \\u0130\\u015flem Birimleri) ve Kay\\u0131t Acenteleri ona ba\\u011fl\\u0131d\\u0131r. Giri\\u015fimci, bu arac\\u0131l\\u0131\\u011f\\u0131yla LEI numaras\\u0131n\\u0131 ba\\u015fvurabilir. Yaln\\u0131zca formu doldurun ve ba\\u015fvuru formunu g\\u00f6nderin. Farkl\\u0131 se\\u00e7enekler aras\\u0131ndan se\\u00e7im yapabilirsiniz. E\\u011fer LEI numaras\\u0131na birka\\u00e7 y\\u0131l ihtiyac\\u0131n\\u0131z varsa, farkl\\u0131 modellerde hemen otomatik bir yenileme ba\\u015fvurusunda bulunabilirsiniz. Bir LEI numaras\\u0131 sadece bir y\\u0131l ge\\u00e7erlidir ve ard\\u0131ndan yenilenmelidir. E\\u011fer birka\\u00e7 y\\u0131ll\\u0131k bir s\\u00f6zle\\u015fmeniz varsa, yenilemeyi biz \\u00fcstleniriz.nnBir LEI numaras\\u0131n\\u0131n verilmesi genellikle \\u00f6demeyi ald\\u0131ktan sonra 24 saat s\\u00fcrer. \\u0130\\u015flem s\\u00fcrecini olabildi\\u011fince sorunsuz hale getirmek i\\u00e7in birka\\u00e7 \\u00f6deme y\\u00f6ntemi sunulmaktad\\u0131r.&quot;},{&quot;_id&quot;:&quot;cf-PiuUGJaAcZu5vGsQ5gbT9&quot;,&quot;_type&quot;:&quot;_&quot;,&quot;question&quot;:&quot;LEI numaras\\u0131n\\u0131n i\\u015fletme avantajlar\\u0131&quot;,&quot;answer&quot;:&quot;Yasal Varl\\u0131k Tan\\u0131mlay\\u0131c\\u0131 modeli d\\u00fcnya \\u00e7ap\\u0131nda hukuk sistemleri taraf\\u0131ndan h\\u0131zla benimsenmi\\u015ftir ve b\\u00f6ylece uluslararas\\u0131 standartlara g\\u00f6re bir s\\u00fcreci takip etmektedir. Giri\\u015fimci verilerinin dijital yakalama y\\u00f6ntemi sayesinde, bankalar \\u00f6rne\\u011fin potansiyel m\\u00fc\\u015fteriler i\\u00e7in gerekli verileri \\u00e7ok daha verimli bir \\u015fekilde do\\u011frulayabilir, bu da ili\\u015fkili idari y\\u00fck\\u00fc \\u00f6nemli \\u00f6l\\u00e7\\u00fcde azalt\\u0131r. Bu ayn\\u0131 zamanda, s\\u00fcrecin uzunlu\\u011fu ve karma\\u015f\\u0131kl\\u0131\\u011f\\u0131 ile iletmeleri gereken bilgiler nedeniyle toplama s\\u00fcrecinde potansiyel m\\u00fc\\u015fterilerin kaybedilmesini de \\u00f6nler. B\\u00f6ylece, hem finansal kay\\u0131plar \\u00f6nlenebilir hem de gereksiz idari maliyetler azalt\\u0131labilir.nnLEI&#039;lerin yayg\\u0131n benimsenmesi, global finans piyasas\\u0131ndaki i\\u015flemlerle ili\\u015fkili risklerin \\u00f6nemli \\u00f6l\\u00e7\\u00fcde azalt\\u0131lmas\\u0131na yol a\\u00e7ar. LEI numaras\\u0131 kullan\\u0131larak dijital olarak \\u00fcretilen bir \\u015firketin bilgilerini kullanarak, kiminle i\\u015flem yapt\\u0131\\u011f\\u0131n\\u0131z\\u0131 ve ona kimin sahip oldu\\u011funu bilirsiniz. Bu bilgilere eri\\u015ferek, riskleri g\\u00fcvenilir bir \\u015fekilde de\\u011ferlendirebilir ve bilin\\u00e7li kararlar verebilirsiniz.&quot;}]'><\/faq-component>\n","protected":false},"excerpt":{"rendered":"<p>SSS M\u00fc\u015fterilerimiz genellikle bize a\u015fa\u011f\u0131daki sorular\u0131 sorarlar<\/p>\n","protected":false},"author":1,"featured_media":0,"parent":0,"menu_order":0,"comment_status":"closed","ping_status":"closed","template":"","meta":{"_acf_changed":false,"footnotes":""},"class_list":["post-5366","page","type-page","status-publish","hentry"],"acf":[],"yoast_head":"<!-- This site is optimized with the Yoast SEO plugin v25.0 - https:\/\/yoast.com\/wordpress\/plugins\/seo\/ -->\n<title>Yenileme - LEI.net<\/title>\n<meta name=\"description\" content=\"\u00a0    SSS    M\u00fc\u015fterilerimiz genellikle bize a\u015fa\u011f\u0131daki sorular\u0131 sorarlar    \u00a0\" \/>\n<meta name=\"robots\" content=\"index, follow, max-snippet:-1, max-image-preview:large, max-video-preview:-1\" \/>\n<link rel=\"canonical\" href=\"https:\/\/leii.ddns.net\/renewal\/\" \/>\n<meta property=\"og:locale\" content=\"tr_TR\" \/>\n<meta property=\"og:type\" content=\"article\" \/>\n<meta property=\"og:title\" content=\"Yenileme - LEI.net\" \/>\n<meta property=\"og:description\" content=\"\u00a0    SSS    M\u00fc\u015fterilerimiz genellikle bize a\u015fa\u011f\u0131daki sorular\u0131 sorarlar    \u00a0\" \/>\n<meta property=\"og:url\" content=\"https:\/\/leii.ddns.net\/renewal\/\" \/>\n<meta property=\"og:site_name\" content=\"LEI.net\" \/>\n<meta property=\"article:modified_time\" content=\"2025-11-27T06:19:13+00:00\" \/>\n<meta name=\"twitter:card\" content=\"summary_large_image\" \/>\n<meta name=\"twitter:label1\" content=\"Tahmini okuma s\u00fcresi\" \/>\n\t<meta name=\"twitter:data1\" content=\"1 dakika\" \/>\n<script type=\"application\/ld+json\" class=\"yoast-schema-graph\">{\"@context\":\"https:\/\/schema.org\",\"@graph\":[{\"@type\":\"WebPage\",\"@id\":\"https:\/\/leii.ddns.net\/renewal\/\",\"url\":\"https:\/\/leii.ddns.net\/renewal\/\",\"name\":\"Yenileme - LEI.net\",\"isPartOf\":{\"@id\":\"https:\/\/leii.ddns.net\/tr\/#website\"},\"datePublished\":\"2021-06-30T12:14:28+00:00\",\"dateModified\":\"2025-11-27T06:19:13+00:00\",\"description\":\"\u00a0 SSS M\u00fc\u015fterilerimiz genellikle bize a\u015fa\u011f\u0131daki sorular\u0131 sorarlar \u00a0\",\"breadcrumb\":{\"@id\":\"https:\/\/leii.ddns.net\/renewal\/#breadcrumb\"},\"inLanguage\":\"tr\",\"potentialAction\":[{\"@type\":\"ReadAction\",\"target\":[\"https:\/\/leii.ddns.net\/renewal\/\"]}]},{\"@type\":\"BreadcrumbList\",\"@id\":\"https:\/\/leii.ddns.net\/renewal\/#breadcrumb\",\"itemListElement\":[{\"@type\":\"ListItem\",\"position\":1,\"name\":\"Startseite\",\"item\":\"https:\/\/leii.ddns.net\/tr\/\"},{\"@type\":\"ListItem\",\"position\":2,\"name\":\"Yenileme\"}]},{\"@type\":\"WebSite\",\"@id\":\"https:\/\/leii.ddns.net\/tr\/#website\",\"url\":\"https:\/\/leii.ddns.net\/tr\/\",\"name\":\"LEI.net\",\"description\":\"Official Legal Entity Identifier (LEI) Registrar\",\"publisher\":{\"@id\":\"https:\/\/leii.ddns.net\/tr\/#organization\"},\"potentialAction\":[{\"@type\":\"SearchAction\",\"target\":{\"@type\":\"EntryPoint\",\"urlTemplate\":\"https:\/\/leii.ddns.net\/tr\/?s={search_term_string}\"},\"query-input\":{\"@type\":\"PropertyValueSpecification\",\"valueRequired\":true,\"valueName\":\"search_term_string\"}}],\"inLanguage\":\"tr\"},{\"@type\":\"Organization\",\"@id\":\"https:\/\/leii.ddns.net\/tr\/#organization\",\"name\":\"F.I.D.Firmeninformationsdienst GmbH\",\"url\":\"https:\/\/leii.ddns.net\/tr\/\",\"logo\":{\"@type\":\"ImageObject\",\"inLanguage\":\"tr\",\"@id\":\"https:\/\/leii.ddns.net\/tr\/#\/schema\/logo\/image\/\",\"url\":\"http:\/\/112.196.0.228:8186\/wp-content\/uploads\/2021\/12\/color_vertical.jpg\",\"contentUrl\":\"http:\/\/112.196.0.228:8186\/wp-content\/uploads\/2021\/12\/color_vertical.jpg\",\"width\":283,\"height\":283,\"caption\":\"F.I.D.Firmeninformationsdienst GmbH\"},\"image\":{\"@id\":\"https:\/\/leii.ddns.net\/tr\/#\/schema\/logo\/image\/\"}}]}<\/script>\n<!-- \/ Yoast SEO plugin. -->","yoast_head_json":{"title":"Yenileme - LEI.net","description":"\u00a0    SSS    M\u00fc\u015fterilerimiz genellikle bize a\u015fa\u011f\u0131daki sorular\u0131 sorarlar    \u00a0","robots":{"index":"index","follow":"follow","max-snippet":"max-snippet:-1","max-image-preview":"max-image-preview:large","max-video-preview":"max-video-preview:-1"},"canonical":"https:\/\/leii.ddns.net\/renewal\/","og_locale":"tr_TR","og_type":"article","og_title":"Yenileme - LEI.net","og_description":"\u00a0    SSS    M\u00fc\u015fterilerimiz genellikle bize a\u015fa\u011f\u0131daki sorular\u0131 sorarlar    \u00a0","og_url":"https:\/\/leii.ddns.net\/renewal\/","og_site_name":"LEI.net","article_modified_time":"2025-11-27T06:19:13+00:00","twitter_card":"summary_large_image","twitter_misc":{"Tahmini okuma s\u00fcresi":"1 dakika"},"schema":{"@context":"https:\/\/schema.org","@graph":[{"@type":"WebPage","@id":"https:\/\/leii.ddns.net\/renewal\/","url":"https:\/\/leii.ddns.net\/renewal\/","name":"Yenileme - LEI.net","isPartOf":{"@id":"https:\/\/leii.ddns.net\/tr\/#website"},"datePublished":"2021-06-30T12:14:28+00:00","dateModified":"2025-11-27T06:19:13+00:00","description":"\u00a0 SSS M\u00fc\u015fterilerimiz genellikle bize a\u015fa\u011f\u0131daki sorular\u0131 sorarlar \u00a0","breadcrumb":{"@id":"https:\/\/leii.ddns.net\/renewal\/#breadcrumb"},"inLanguage":"tr","potentialAction":[{"@type":"ReadAction","target":["https:\/\/leii.ddns.net\/renewal\/"]}]},{"@type":"BreadcrumbList","@id":"https:\/\/leii.ddns.net\/renewal\/#breadcrumb","itemListElement":[{"@type":"ListItem","position":1,"name":"Startseite","item":"https:\/\/leii.ddns.net\/tr\/"},{"@type":"ListItem","position":2,"name":"Yenileme"}]},{"@type":"WebSite","@id":"https:\/\/leii.ddns.net\/tr\/#website","url":"https:\/\/leii.ddns.net\/tr\/","name":"LEI.net","description":"Official Legal Entity Identifier (LEI) Registrar","publisher":{"@id":"https:\/\/leii.ddns.net\/tr\/#organization"},"potentialAction":[{"@type":"SearchAction","target":{"@type":"EntryPoint","urlTemplate":"https:\/\/leii.ddns.net\/tr\/?s={search_term_string}"},"query-input":{"@type":"PropertyValueSpecification","valueRequired":true,"valueName":"search_term_string"}}],"inLanguage":"tr"},{"@type":"Organization","@id":"https:\/\/leii.ddns.net\/tr\/#organization","name":"F.I.D.Firmeninformationsdienst GmbH","url":"https:\/\/leii.ddns.net\/tr\/","logo":{"@type":"ImageObject","inLanguage":"tr","@id":"https:\/\/leii.ddns.net\/tr\/#\/schema\/logo\/image\/","url":"http:\/\/112.196.0.228:8186\/wp-content\/uploads\/2021\/12\/color_vertical.jpg","contentUrl":"http:\/\/112.196.0.228:8186\/wp-content\/uploads\/2021\/12\/color_vertical.jpg","width":283,"height":283,"caption":"F.I.D.Firmeninformationsdienst GmbH"},"image":{"@id":"https:\/\/leii.ddns.net\/tr\/#\/schema\/logo\/image\/"}}]}},"_links":{"self":[{"href":"https:\/\/leii.ddns.net\/tr\/wp-json\/wp\/v2\/pages\/5366","targetHints":{"allow":["GET"]}}],"collection":[{"href":"https:\/\/leii.ddns.net\/tr\/wp-json\/wp\/v2\/pages"}],"about":[{"href":"https:\/\/leii.ddns.net\/tr\/wp-json\/wp\/v2\/types\/page"}],"author":[{"embeddable":true,"href":"https:\/\/leii.ddns.net\/tr\/wp-json\/wp\/v2\/users\/1"}],"replies":[{"embeddable":true,"href":"https:\/\/leii.ddns.net\/tr\/wp-json\/wp\/v2\/comments?post=5366"}],"version-history":[{"count":1,"href":"https:\/\/leii.ddns.net\/tr\/wp-json\/wp\/v2\/pages\/5366\/revisions"}],"predecessor-version":[{"id":12480,"href":"https:\/\/leii.ddns.net\/tr\/wp-json\/wp\/v2\/pages\/5366\/revisions\/12480"}],"wp:attachment":[{"href":"https:\/\/leii.ddns.net\/tr\/wp-json\/wp\/v2\/media?parent=5366"}],"curies":[{"name":"wp","href":"https:\/\/api.w.org\/{rel}","templated":true}]}}