{"id":686,"date":"2021-06-25T11:26:54","date_gmt":"2021-06-25T10:26:54","guid":{"rendered":"https:\/\/leii.ddns.net\/faq\/"},"modified":"2024-06-11T11:23:52","modified_gmt":"2024-06-11T09:23:52","slug":"faq","status":"publish","type":"page","link":"https:\/\/leii.ddns.net\/pl\/faq\/","title":{"rendered":"FAQ"},"content":{"rendered":"  <div class=\"container px-4 xl:px-0\">\n    <div class=\"flex flex-wrap  mb-10 md:mb-16\">\n      <div class=\"w-full md:w-1\/2\">\n      <h1 class=\"font-axiforma text-[45px] md:text-[55px] text-center md:text-left\">FAQs<\/h1>\n              <p class=\"text-base md:text-xl font-light text-center md:text-left\">Klienci cz\u0119sto zadaj\u0105 nam nast\u0119puj\u0105ce pytania<\/p>\n            <\/div>\n      <div class=\"w-full md:w-1\/2 flex justify-center mt-10 md:mt-0\">\n        <img loading=\"lazy\" decoding=\"async\" alt=\"\" src=\"https:\/\/leii.ddns.net\/wp-content\/uploads\/2024\/01\/faq.svg\" width=\"590\" height=\"300\">      <\/div>\n    <\/div>\n  <\/div>\n\n\n<faq-component data='[{&quot;_id&quot;:&quot;cf-50Nl3FH2ydNW1g8XHf2e3&quot;,&quot;_type&quot;:&quot;_&quot;,&quot;question&quot;:&quot;Co to jest LEI?&quot;,&quot;answer&quot;:&quot;LEI oznacza identyfikator podmiotu prawnego. Jest to dwudziestocyfrowy numer, za pomoc\\u0105 kt\\u00f3rego mo\\u017cna precyzyjnie zidentyfikowa\\u0107 posiadacza. To wyj\\u0105tkowe przypisanie podmiot\\u00f3w prawnych zapewnia wi\\u0119ksz\\u0105 przejrzysto\\u015b\\u0107 na mi\\u0119dzynarodowych rynkach finansowych.&quot;},{&quot;_id&quot;:&quot;cf-Jua8VigBnsboBhrGp6Cw0&quot;,&quot;_type&quot;:&quot;_&quot;,&quot;question&quot;:&quot;Co to jest LOU?&quot;,&quot;answer&quot;:&quot;Skr\\u00f3t LOU oznacza lokaln\\u0105 jednostk\\u0119 operacyjn\\u0105 i odnosi si\\u0119 do organizacji, kt\\u00f3re nadaj\\u0105 numery LEI w imieniu GLEIF.&quot;},{&quot;_id&quot;:&quot;cf-HpNTEQMXbCfU3pBjqE0vF&quot;,&quot;_type&quot;:&quot;_&quot;,&quot;question&quot;:&quot;Co oznacza GLEIF?&quot;,&quot;answer&quot;:&quot;Global Legal Entity Identifier Foundation, w skr\\u00f3cie GLEIF, to mi\\u0119dzynarodowa fundacja z siedzib\\u0105 w Bazylei, za\\u0142o\\u017cona przez Rad\\u0119 Stabilno\\u015bci Finansowej w 2014 r. G\\u0142\\u00f3wnym zadaniem GLEIF jest nadawanie numer\\u00f3w LEI jednostkom LOU, kt\\u00f3re z kolei nadaj\\u0105 numery LEI podmiotom prawnym .&quot;},{&quot;_id&quot;:&quot;cf-cOxOdZUnSbRztg60Jdxev&quot;,&quot;_type&quot;:&quot;_&quot;,&quot;question&quot;:&quot;Co oznacza GLEIS?&quot;,&quot;answer&quot;:&quot;Globalny System LEI, w skr\\u00f3cie GLEIS, to og\\u00f3lno\\u015bwiatowa baza danych, w kt\\u00f3rej wymienione s\\u0105 dane wszystkich posiadaczy numeru LEI. Baz\\u0119 danych mo\\u017ce przegl\\u0105da\\u0107 ka\\u017cdy, bezp\\u0142atnie.&quot;},{&quot;_id&quot;:&quot;cf-dCv9mzmVzEVh8I3CIVp_l&quot;,&quot;_type&quot;:&quot;_&quot;,&quot;question&quot;:&quot;Do jakich cel\\u00f3w potrzebujesz kodu LEI?&quot;,&quot;answer&quot;:&quot;Kod LEI umo\\u017cliwia identyfikacj\\u0119 uczestnik\\u00f3w transakcji finansowych. U\\u0142atwia to spe\\u0142nienie wymog\\u00f3w prawnych w zakresie sprawozdawczo\\u015bci i zapobiega ryzyku niew\\u0142a\\u015bciwego wykorzystania transakcji finansowych.&quot;},{&quot;_id&quot;:&quot;cf-0j4zHyT0RzBALIkPzJ0jD&quot;,&quot;_type&quot;:&quot;_&quot;,&quot;question&quot;:&quot;Ile czasu zajmuje zatwierdzenie kodu LEI?&quot;,&quot;answer&quot;:&quot;Z regu\\u0142y numer LEI nadawany jest w ci\\u0105gu 24 godzin od otrzymania p\\u0142atno\\u015bci. Mog\\u0105 wyst\\u0105pi\\u0107 op\\u00f3\\u017anienia z powodu niewystarczaj\\u0105cych informacji.&quot;},{&quot;_id&quot;:&quot;cf-kUscQF9lV1zAYQI0jb9l7&quot;,&quot;_type&quot;:&quot;_&quot;,&quot;question&quot;:&quot;Kto potrzebuje numeru LEI?&quot;,&quot;answer&quot;:&quot;Numer LEI jest wymagany przez wszystkich uczestnik\\u00f3w transakcji finansowych. Dotyczy to m.in.:\\n- Korporacje, ich sp\\u00f3\\u0142ki zale\\u017cne i oddzia\\u0142y\\n- Fundacje i fundusze\\n- Organizacje non-profit\\n- Instytucje i w\\u0142adze publiczne\\n- Wy\\u0142\\u0105czni w\\u0142a\\u015bciciele&quot;},{&quot;_id&quot;:&quot;cf-5NMndnDQDPuDqdN8V0SOj&quot;,&quot;_type&quot;:&quot;_&quot;,&quot;question&quot;:&quot;Jak d\\u0142ugo mo\\u017cesz u\\u017cywa\\u0107 kodu LEI?&quot;,&quot;answer&quot;:&quot;Po nadaniu numeru LEI jest on pocz\\u0105tkowo wa\\u017cny przez rok. Po tym roku kod LEI musi zosta\\u0107 odnowiony.&quot;},{&quot;_id&quot;:&quot;cf-fHAuvu_su4ASpDPYtbz8B&quot;,&quot;_type&quot;:&quot;_&quot;,&quot;question&quot;:&quot;Co si\\u0119 stanie, gdy kod LEI wyga\\u015bnie?&quot;,&quot;answer&quot;:&quot;Je\\u015bli numer LEI utraci wa\\u017cno\\u015b\\u0107, stowarzyszona firma nie b\\u0119dzie mog\\u0142a przeprowadza\\u0107 przy jego u\\u017cyciu \\u017cadnych transakcji finansowych. Je\\u015bli nie masz pewno\\u015bci, czy Tw\\u00f3j numer LEI jest nadal wa\\u017cny, mo\\u017cesz przeprowadzi\\u0107 zapytanie. Je\\u015bli numer nie jest ju\\u017c wa\\u017cny, nale\\u017cy go odnowi\\u0107.&quot;},{&quot;_id&quot;:&quot;cf-Y5ek7wWCWUQCItL5Vsmn7&quot;,&quot;_type&quot;:&quot;_&quot;,&quot;question&quot;:&quot;Czy mo\\u017cna ubiega\\u0107 si\\u0119 o nowy kod LEI?&quot;,&quot;answer&quot;:&quot;Po wydaniu lub odnowieniu kodu LEI nie mo\\u017cna go zmieni\\u0107. Po roku nale\\u017cy odnowi\\u0107 numer LEI. Za po\\u015brednictwem naszej strony mo\\u017cesz ubiega\\u0107 si\\u0119 o numer LEI przez kilka lat. O odnowienie zadbamy terminowo.&quot;},{&quot;_id&quot;:&quot;cf-Jtp0v71nGc2VS3YH5rlXf&quot;,&quot;_type&quot;:&quot;_&quot;,&quot;question&quot;:&quot;Gdzie mog\\u0119 uzyska\\u0107 kod LEI?&quot;,&quot;answer&quot;:&quot;O numer LEI mo\\u017cna ubiega\\u0107 si\\u0119 online w LOU lub u Agenta Rejestracyjnego. W tym celu nale\\u017cy wype\\u0142ni\\u0107 formularz online i wybra\\u0107 metod\\u0119 p\\u0142atno\\u015bci. Kod LEI otrzymasz w ci\\u0105gu godziny na podany adres e-mail.&quot;},{&quot;_id&quot;:&quot;cf-FZKP3gkZf2DT2QABxFWZX&quot;,&quot;_type&quot;:&quot;_&quot;,&quot;question&quot;:&quot;Co oznaczaj\\u0105 cyfry i litery w kodzie LEI?&quot;,&quot;answer&quot;:&quot;Kod Lei sk\\u0142ada si\\u0119 \\u0142\\u0105cznie z 20 cyfr. Zawsze zaczyna si\\u0119 od czterech cyfr, co pozwala na identyfikacj\\u0119 odpowiedzialnej jednostki LOU. Po tym nast\\u0119puj\\u0105 dwa zera, kt\\u00f3re oddzielaj\\u0105 kod LOU od reszty. Nast\\u0119pnie nast\\u0119puje seria dwunastu liczb i cyfr. Jest to faktyczna identyfikacja posiadacza praw. Na ko\\u0144cu jest cyfra kontrolna. Ma to na celu zapobie\\u017cenie przypisaniu numeru LEI innemu posiadaczowi praw w wyniku nieprawid\\u0142owego wpisu.&quot;},{&quot;_id&quot;:&quot;cf-oWsrAtr61UKdX7JhFxx9k&quot;,&quot;_type&quot;:&quot;_&quot;,&quot;question&quot;:&quot;Czy moje dane s\\u0105 publicznie dost\\u0119pne?&quot;,&quot;answer&quot;:&quot;Informacje powi\\u0105zane z kodem LEI mog\\u0105 by\\u0107 przegl\\u0105dane przez ka\\u017cdego. S\\u0105 one przechowywane w GLEIS, bazie danych GLLEIF.&quot;},{&quot;_id&quot;:&quot;cf-fuhsQTJXzg3LWGHo9c2tM&quot;,&quot;_type&quot;:&quot;_&quot;,&quot;question&quot;:&quot;Jakie dane s\\u0105 publicznie dost\\u0119pne?&quot;,&quot;answer&quot;:&quot;Opr\\u00f3cz nazwy podmiotu prawnego publikowane s\\u0105 tak\\u017ce dane dotycz\\u0105ce siedziby i siedziby sp\\u00f3\\u0142ki stowarzyszonej oraz dane dotycz\\u0105ce numeru LEI.&quot;},{&quot;_id&quot;:&quot;cf-dFvCy0aWesWWZJ3fSYqIp&quot;,&quot;_type&quot;:&quot;_&quot;,&quot;question&quot;:&quot;Jakie s\\u0105 korzy\\u015bci ze stosowania numeru LEI?&quot;,&quot;answer&quot;:&quot;Numery LEI zmniejszaj\\u0105 ryzyko transakcji finansowych na mi\\u0119dzynarodowym rynku finansowym, gdy\\u017c zwi\\u0119kszona przejrzysto\\u015b\\u0107 umo\\u017cliwia dzia\\u0142aj\\u0105cym stronom uzyskanie informacji o swoich (potencjalnych) partnerach biznesowych.\\nCo wi\\u0119cej, kod LEI mo\\u017ce u\\u0142atwi\\u0107 rejestracj\\u0119 klienta, poniewa\\u017c zamiast mn\\u00f3stwa danych nale\\u017cy wprowadzi\\u0107 jedynie numer LEI. W ten spos\\u00f3b bank posiada wszystkie informacje potrzebne do realizacji transakcji finansowych.&quot;},{&quot;_id&quot;:&quot;cf-XJfHxejjc3WjsGG3ExhJu&quot;,&quot;_type&quot;:&quot;_&quot;,&quot;question&quot;:&quot;Jak odnowi\\u0107 kod LEI?&quot;,&quot;answer&quot;:&quot;Mo\\u017cesz \\u0142atwo odnowi\\u0107 numer LEI na naszej stronie, wype\\u0142niaj\\u0105c kr\\u00f3tki formularz odnowienia LEI. Istnieje mo\\u017cliwo\\u015b\\u0107 podpisania umowy na kilka lat, dzi\\u0119ki czemu po wyga\\u015bni\\u0119ciu Twojego LEI automatycznie zajmiemy si\\u0119 jego odnowieniem.&quot;},{&quot;_id&quot;:&quot;cf-2ctTNtrnCJaqfo55XKTxI&quot;,&quot;_type&quot;:&quot;_&quot;,&quot;question&quot;:&quot;Czy mo\\u017cliwe jest przeniesienie kodu LEI od jednego us\\u0142ugodawcy do innego?&quot;,&quot;answer&quot;:&quot;Je\\u015bli Tw\\u00f3j numer LEI jest ju\\u017c zarejestrowany u innego us\\u0142ugodawcy, mo\\u017cesz bez problemu przenie\\u015b\\u0107 go do nas. W tym celu wystarczy skorzysta\\u0107 z formularza umo\\u017cliwiaj\\u0105cego przeniesienie kodu LEI znajduj\\u0105cego si\\u0119 na naszej stronie.&quot;},{&quot;_id&quot;:&quot;cf-IxxpX4iPFL73Ae6DC0b8N&quot;,&quot;_type&quot;:&quot;_&quot;,&quot;question&quot;:&quot;Jakie dokumenty s\\u0105 wymagane do zarejestrowania nowego numeru LEI?&quot;,&quot;answer&quot;:&quot;Je\\u017celi osoba prawna jest zarejestrowana w rejestrze, na przyk\\u0142ad w Rejestrze Handlowym, nie jest wymagana \\u017cadna dodatkowa dokumentacja.\\nNiekt\\u00f3re sp\\u00f3\\u0142ki s\\u0105 bezpo\\u015brednio powi\\u0105zane ze sp\\u00f3\\u0142k\\u0105-matk\\u0105. W takim przypadku wymagane s\\u0105 dokumenty potwierdzaj\\u0105ce to powi\\u0105zanie. Mog\\u0105 to by\\u0107 roczne sprawozdania finansowe lub skonsolidowane sprawozdania finansowe. W przypadku sp\\u00f3\\u0142ek zarejestrowanych w rejestrze handlowym dokumenty te s\\u0105 niepotrzebne.\\nSp\\u00f3\\u0142ki niewpisane do \\u017cadnego rejestru musz\\u0105 wykaza\\u0107 istnienie sp\\u00f3\\u0142ki w inny spos\\u00f3b. Mo\\u017cna tego dokona\\u0107 m.in. w drodze umowy sp\\u00f3\\u0142ki, rejestracji dzia\\u0142alno\\u015bci gospodarczej lub umowy wsp\\u00f3lnik\\u00f3w. Dotyczy to r\\u00f3wnie\\u017c os\\u00f3b prowadz\\u0105cych jednoosobow\\u0105 dzia\\u0142alno\\u015b\\u0107 gospodarcz\\u0105.\\nFundusze udowadniaj\\u0105 swoj\\u0105 dzia\\u0142alno\\u015b\\u0107 np. poprzez zezwolenie na dystrybucj\\u0119 od BaFin.&quot;},{&quot;_id&quot;:&quot;cf-_73sczeo2QhzSenMnRrmS&quot;,&quot;_type&quot;:&quot;_&quot;,&quot;question&quot;:&quot;Chcia\\u0142bym ubiega\\u0107 si\\u0119 o kod LEI dla aktywa inwestycyjnego. Co mam do zrobienia?&quot;,&quot;answer&quot;:&quot;Sk\\u0142adaj\\u0105c wniosek, pami\\u0119taj o wskazaniu firmy zarz\\u0105dzaj\\u0105cej numerem LEI. Nie jest to konieczne, je\\u017celi maj\\u0105tek zarejestrowany jest w s\\u0105dzie rejestrowym. Je\\u017celi aktywa inwestycyjne s\\u0105 zarejestrowane w s\\u0105dzie rejestrowym, dla instytucji nale\\u017cy zastosowa\\u0107 kod LEI.&quot;},{&quot;_id&quot;:&quot;cf-gOrNGkbM1_ixXSZKOJUhb&quot;,&quot;_type&quot;:&quot;_&quot;,&quot;question&quot;:&quot;Czy jeden kod LEI mo\\u017cna zastosowa\\u0107 dla wielu firm?&quot;,&quot;answer&quot;:&quot;Aby ubiega\\u0107 si\\u0119 o numery LEI dla kilku firm, prze\\u015blij nam dane firm (najlepiej w formie arkusza kalkulacyjnego Excel). Zajmiemy si\\u0119 wnioskiem o nadanie numer\\u00f3w LEI. W tym celu najlepiej skontaktowa\\u0107 si\\u0119 z naszym wsparciem.&quot;},{&quot;_id&quot;:&quot;cf-j2QrVswUa4l4a4v3d_de7&quot;,&quot;_type&quot;:&quot;_&quot;,&quot;question&quot;:&quot;Mam siedzib\\u0119 firmy za granic\\u0105. Czy nadal mog\\u0119 ubiega\\u0107 si\\u0119 o kod LEI tutaj?&quot;,&quot;answer&quot;:&quot;Kod LEI jest niezale\\u017cny od narodowo\\u015bci. Mo\\u017cesz wi\\u0119c ubiega\\u0107 si\\u0119 o kod LEI w dowolnym momencie za po\\u015brednictwem naszego serwisu.&quot;},{&quot;_id&quot;:&quot;cf-Ne2Shw_Izaw68QST5KkBy&quot;,&quot;_type&quot;:&quot;_&quot;,&quot;question&quot;:&quot;Czy ponios\\u0119 jakie\\u015b koszty, je\\u015bli zarejestruj\\u0119 si\\u0119 na tej stronie?&quot;,&quot;answer&quot;:&quot;Rejestracja na tej stronie jest bezp\\u0142atna i niezobowi\\u0105zuj\\u0105ca dla Ciebie.&quot;},{&quot;_id&quot;:&quot;cf-aTcfCGBv0LnUSgQ2MtJhF&quot;,&quot;_type&quot;:&quot;_&quot;,&quot;question&quot;:&quot;Ile kosztuje wyszukiwanie i pobieranie informacji o numerach LEI?&quot;,&quot;answer&quot;:&quot;Us\\u0142uga ta jest bezp\\u0142atna na naszej stronie.&quot;},{&quot;_id&quot;:&quot;cf-rGRAZE48Rm1y0JFArMQ15&quot;,&quot;_type&quot;:&quot;_&quot;,&quot;question&quot;:&quot;Co mog\\u0119 zrobi\\u0107, je\\u015bli nie mog\\u0119 znale\\u017a\\u0107 mojego kodu LEI w wyszukiwarce?&quot;,&quot;answer&quot;:&quot;Wpisuj\\u0105c nazw\\u0119 firmy nale\\u017cy zwr\\u00f3ci\\u0107 uwag\\u0119 na poprawn\\u0105 pisowni\\u0119. Cz\\u0119sto stosuje si\\u0119 skr\\u00f3ty, mimo \\u017ce nazwa firmy jest wpisana w ca\\u0142o\\u015bci do rejestru handlowego.\\nJe\\u015bli ubiega\\u0142e\\u015b si\\u0119 o numer LEI dopiero niedawno, mo\\u017cliwe, \\u017ce nie zosta\\u0142 on jeszcze nadany. Mo\\u017ce to potrwa\\u0107 do 24 godzin. Poczekaj jeszcze kilka godzin i spr\\u00f3buj ponownie. Je\\u015bli nadal nie mo\\u017cesz znale\\u017a\\u0107 firmy, skontaktuj si\\u0119 z naszym wsparciem.&quot;},{&quot;_id&quot;:&quot;cf-cvS7F1MkaniTXat5ZO0BC&quot;,&quot;_type&quot;:&quot;_&quot;,&quot;question&quot;:&quot;Co oznacza ISO 17442?&quot;,&quot;answer&quot;:&quot;W tej normie Mi\\u0119dzynarodowa Organizacja Normalizacyjna zdefiniowa\\u0142a dane, dzi\\u0119ki kt\\u00f3rym mo\\u017cna jednoznacznie zidentyfikowa\\u0107 podmioty prawne. Poniewa\\u017c jest to norma obowi\\u0105zuj\\u0105ca na ca\\u0142ym \\u015bwiecie, ISO 17442 nie zawiera kodu kraju. Dzi\\u0119ki temu ka\\u017cdy podmiot prawny mo\\u017ce zosta\\u0107 jednoznacznie zidentyfikowany, a dane s\\u0105 dost\\u0119pne bezp\\u0142atnie dla wszystkich zainteresowanych.\\nNorma ISO 17442 zawiera nast\\u0119puj\\u0105ce informacje:\\n- Imi\\u0119 i nazwisko w\\u0142a\\u015bciciela w formie widniej\\u0105cej w rejestrze handlowym lub innych katalogach.\\n- Adres\\n- Kraj, w kt\\u00f3rym firma zosta\\u0142a za\\u0142o\\u017cona\\n- Data nadania kodu LEI\\n- Kod reprezentacji nazw kraj\\u00f3w.&quot;},{&quot;_id&quot;:&quot;cf-7wY7XZz_mEtLX0P_SkFfF&quot;,&quot;_type&quot;:&quot;_&quot;,&quot;question&quot;:&quot;Co to s\\u0105 dane poziomu 2?&quot;,&quot;answer&quot;:&quot;Dane poziomu 1 dostarczaj\\u0105 informacji o posiadaczu praw.\\nJe\\u015bli jest to sp\\u00f3\\u0142ka zale\\u017cna, nale\\u017cy zmapowa\\u0107 zale\\u017cno\\u015bci od firmy macierzystej. Informacje te zawarte s\\u0105 w danych Poziomu 2. Dane poziomu 2 nale\\u017cy przekaza\\u0107 jedynie w przypadku, gdy sp\\u00f3\\u0142ka dominuj\\u0105ca konsoliduje sprawozdania finansowe jednostki zale\\u017cnej. Podczas wprowadzania danych nale\\u017cy z\\u0142o\\u017cy\\u0107 ostatnie skonsolidowane sprawozdanie finansowe jednostki dominuj\\u0105cej.&quot;}]'><\/faq-component>\n\n\n\n<div style=\"height:100px\" aria-hidden=\"true\" class=\"wp-block-spacer\"><\/div>\n","protected":false},"excerpt":{"rendered":"","protected":false},"author":1,"featured_media":0,"parent":0,"menu_order":0,"comment_status":"closed","ping_status":"closed","template":"","meta":{"_acf_changed":false,"footnotes":""},"class_list":["post-686","page","type-page","status-publish","hentry"],"acf":[],"yoast_head":"<!-- This site is optimized with the Yoast SEO plugin v25.0 - https:\/\/yoast.com\/wordpress\/plugins\/seo\/ -->\n<title>FAQ - LEI.net<\/title>\n<meta name=\"robots\" content=\"index, follow, max-snippet:-1, max-image-preview:large, max-video-preview:-1\" \/>\n<link rel=\"canonical\" href=\"https:\/\/leii.ddns.net\/faq\/\" \/>\n<meta property=\"og:locale\" content=\"pl_PL\" \/>\n<meta property=\"og:type\" content=\"article\" \/>\n<meta property=\"og:title\" content=\"FAQ - LEI.net\" \/>\n<meta property=\"og:url\" content=\"https:\/\/leii.ddns.net\/faq\/\" \/>\n<meta property=\"og:site_name\" content=\"LEI.net\" \/>\n<meta property=\"article:modified_time\" content=\"2024-06-11T09:23:52+00:00\" \/>\n<meta name=\"twitter:card\" content=\"summary_large_image\" \/>\n<script type=\"application\/ld+json\" class=\"yoast-schema-graph\">{\"@context\":\"https:\/\/schema.org\",\"@graph\":[{\"@type\":\"WebPage\",\"@id\":\"https:\/\/leii.ddns.net\/faq\/\",\"url\":\"https:\/\/leii.ddns.net\/faq\/\",\"name\":\"FAQ - LEI.net\",\"isPartOf\":{\"@id\":\"https:\/\/leii.ddns.net\/tr\/#website\"},\"datePublished\":\"2021-06-25T10:26:54+00:00\",\"dateModified\":\"2024-06-11T09:23:52+00:00\",\"breadcrumb\":{\"@id\":\"https:\/\/leii.ddns.net\/faq\/#breadcrumb\"},\"inLanguage\":\"pl-PL\",\"potentialAction\":[{\"@type\":\"ReadAction\",\"target\":[\"https:\/\/leii.ddns.net\/faq\/\"]}]},{\"@type\":\"BreadcrumbList\",\"@id\":\"https:\/\/leii.ddns.net\/faq\/#breadcrumb\",\"itemListElement\":[{\"@type\":\"ListItem\",\"position\":1,\"name\":\"Startseite\",\"item\":\"https:\/\/leii.ddns.net\/pl\/\"},{\"@type\":\"ListItem\",\"position\":2,\"name\":\"FAQ\"}]},{\"@type\":\"WebSite\",\"@id\":\"https:\/\/leii.ddns.net\/tr\/#website\",\"url\":\"https:\/\/leii.ddns.net\/tr\/\",\"name\":\"LEI.net\",\"description\":\"Official Legal Entity Identifier (LEI) Registrar\",\"publisher\":{\"@id\":\"https:\/\/leii.ddns.net\/tr\/#organization\"},\"potentialAction\":[{\"@type\":\"SearchAction\",\"target\":{\"@type\":\"EntryPoint\",\"urlTemplate\":\"https:\/\/leii.ddns.net\/tr\/?s={search_term_string}\"},\"query-input\":{\"@type\":\"PropertyValueSpecification\",\"valueRequired\":true,\"valueName\":\"search_term_string\"}}],\"inLanguage\":\"pl-PL\"},{\"@type\":\"Organization\",\"@id\":\"https:\/\/leii.ddns.net\/tr\/#organization\",\"name\":\"F.I.D.Firmeninformationsdienst GmbH\",\"url\":\"https:\/\/leii.ddns.net\/tr\/\",\"logo\":{\"@type\":\"ImageObject\",\"inLanguage\":\"pl-PL\",\"@id\":\"https:\/\/leii.ddns.net\/tr\/#\/schema\/logo\/image\/\",\"url\":\"http:\/\/112.196.0.228:8186\/wp-content\/uploads\/2021\/12\/color_vertical.jpg\",\"contentUrl\":\"http:\/\/112.196.0.228:8186\/wp-content\/uploads\/2021\/12\/color_vertical.jpg\",\"width\":283,\"height\":283,\"caption\":\"F.I.D.Firmeninformationsdienst GmbH\"},\"image\":{\"@id\":\"https:\/\/leii.ddns.net\/tr\/#\/schema\/logo\/image\/\"}}]}<\/script>\n<!-- \/ Yoast SEO plugin. -->","yoast_head_json":{"title":"FAQ - LEI.net","robots":{"index":"index","follow":"follow","max-snippet":"max-snippet:-1","max-image-preview":"max-image-preview:large","max-video-preview":"max-video-preview:-1"},"canonical":"https:\/\/leii.ddns.net\/faq\/","og_locale":"pl_PL","og_type":"article","og_title":"FAQ - LEI.net","og_url":"https:\/\/leii.ddns.net\/faq\/","og_site_name":"LEI.net","article_modified_time":"2024-06-11T09:23:52+00:00","twitter_card":"summary_large_image","schema":{"@context":"https:\/\/schema.org","@graph":[{"@type":"WebPage","@id":"https:\/\/leii.ddns.net\/faq\/","url":"https:\/\/leii.ddns.net\/faq\/","name":"FAQ - LEI.net","isPartOf":{"@id":"https:\/\/leii.ddns.net\/tr\/#website"},"datePublished":"2021-06-25T10:26:54+00:00","dateModified":"2024-06-11T09:23:52+00:00","breadcrumb":{"@id":"https:\/\/leii.ddns.net\/faq\/#breadcrumb"},"inLanguage":"pl-PL","potentialAction":[{"@type":"ReadAction","target":["https:\/\/leii.ddns.net\/faq\/"]}]},{"@type":"BreadcrumbList","@id":"https:\/\/leii.ddns.net\/faq\/#breadcrumb","itemListElement":[{"@type":"ListItem","position":1,"name":"Startseite","item":"https:\/\/leii.ddns.net\/pl\/"},{"@type":"ListItem","position":2,"name":"FAQ"}]},{"@type":"WebSite","@id":"https:\/\/leii.ddns.net\/tr\/#website","url":"https:\/\/leii.ddns.net\/tr\/","name":"LEI.net","description":"Official Legal Entity Identifier (LEI) Registrar","publisher":{"@id":"https:\/\/leii.ddns.net\/tr\/#organization"},"potentialAction":[{"@type":"SearchAction","target":{"@type":"EntryPoint","urlTemplate":"https:\/\/leii.ddns.net\/tr\/?s={search_term_string}"},"query-input":{"@type":"PropertyValueSpecification","valueRequired":true,"valueName":"search_term_string"}}],"inLanguage":"pl-PL"},{"@type":"Organization","@id":"https:\/\/leii.ddns.net\/tr\/#organization","name":"F.I.D.Firmeninformationsdienst GmbH","url":"https:\/\/leii.ddns.net\/tr\/","logo":{"@type":"ImageObject","inLanguage":"pl-PL","@id":"https:\/\/leii.ddns.net\/tr\/#\/schema\/logo\/image\/","url":"http:\/\/112.196.0.228:8186\/wp-content\/uploads\/2021\/12\/color_vertical.jpg","contentUrl":"http:\/\/112.196.0.228:8186\/wp-content\/uploads\/2021\/12\/color_vertical.jpg","width":283,"height":283,"caption":"F.I.D.Firmeninformationsdienst GmbH"},"image":{"@id":"https:\/\/leii.ddns.net\/tr\/#\/schema\/logo\/image\/"}}]}},"_links":{"self":[{"href":"https:\/\/leii.ddns.net\/pl\/wp-json\/wp\/v2\/pages\/686","targetHints":{"allow":["GET"]}}],"collection":[{"href":"https:\/\/leii.ddns.net\/pl\/wp-json\/wp\/v2\/pages"}],"about":[{"href":"https:\/\/leii.ddns.net\/pl\/wp-json\/wp\/v2\/types\/page"}],"author":[{"embeddable":true,"href":"https:\/\/leii.ddns.net\/pl\/wp-json\/wp\/v2\/users\/1"}],"replies":[{"embeddable":true,"href":"https:\/\/leii.ddns.net\/pl\/wp-json\/wp\/v2\/comments?post=686"}],"version-history":[{"count":0,"href":"https:\/\/leii.ddns.net\/pl\/wp-json\/wp\/v2\/pages\/686\/revisions"}],"wp:attachment":[{"href":"https:\/\/leii.ddns.net\/pl\/wp-json\/wp\/v2\/media?parent=686"}],"curies":[{"name":"wp","href":"https:\/\/api.w.org\/{rel}","templated":true}]}}